{"id":1075,"date":"2019-08-28T12:00:30","date_gmt":"2019-08-28T12:00:30","guid":{"rendered":"https:\/\/www.simply-needles.de\/?page_id=1075"},"modified":"2021-10-08T16:59:21","modified_gmt":"2021-10-08T16:59:21","slug":"sommerliche-workshops","status":"publish","type":"page","link":"https:\/\/www.simply-needles.de\/?page_id=1075","title":{"rendered":"sommerliche Workshops"},"content":{"rendered":"\r\n<p>&#8230; im letzten Jahr habe ich mal wieder einen Workshop gegeben: wichtig ist, dass der drau\u00dfen stattfindet &#8211; was nicht immer machbar ist, denn N\u00e4hmaschinen brauchen Strom.<\/p>\r\n\r\n\r\n\r\n<p>Ich vermisse die Prinzessinneng\u00e4rten, denn dort waren alle Gegebenheiten vorhanden. Und es hat immer viel Spass gemacht.<\/p>\r\n<p>Im Jahr 2019 bin ich eingeladen worden, mit den Fahrradschlauchgeschichten in Form eines Workshops in den R\u00e4umen der 360 \u00b0C in Lichtenberg teilzunehmen. Gesponsort von WohnungsbauGesellschaft, die erkannt hat, dass Hochh\u00e4user dem Miteinander nicht immer f\u00f6rderlich sind &#8211; denn die R\u00e4umlichkeiten liegen in einem riesigen Hochhaus-Plattenbau Gebiet.<\/p>\r\n\r\n\r\n\r\n\r\n\r\n<p>Ich f\u00fchlte mich schon im Vorfeld, als w\u00fcrde ich verreisen. Die Fahrradschl\u00e4uche wiegen einiges und ich hatte viel vorzubereiten da ich nicht genau wusste, was mich erwartet und wie ich da angenommen werde.<\/p>\r\n\r\n\r\n\r\n<p>Schlie\u00dflich lagert alles schon seit drei Jahren im Keller, auch wenn es mich immer mal wieder \u00fcberkommt. Ich liebe das N\u00e4hen mit Schlauch und die alten Pfaff N\u00e4hmaschinen &#8211; die auch vorher in die Wartung mussten. Die konte ich ja vor zwei Jahren noch in den Prinzessinneng\u00e4rten vor Ort lagern. Diesmal muss ich sie wohl hintransportieren. Und ich habe kein Auto&#8230; .<\/p>\r\n\r\n\r\n\r\n<p>So hei\u00dft es, vorab erst mal wieder Geld auszugeben. Im kalkulieren bin ich nicht gerade eine Gr\u00f6\u00dfe,\u00a0 und es zeigt sich, dass nicht alles so einfach is und kostenlos, wie es aussieht . Zun\u00e4chst einmal muss ich ein Konzept schreiben, da ich dort auch Sachen verkaufen kann. Nicht jeder m\u00f6chte selbst vor Ort was machen. Also muss eine kleine, einfache Anleitung her.<\/p>\r\n\r\n\r\n\r\n<p>Und wie das meist bei mir so ist, muss ich auch zeigen, was schlussendlich dabei Rauskommen kann &#8211; ein gro\u00dfer Shopper, eine G\u00fcrteltasche, ein sch\u00f6nes Portemonnaie &#8211; die machen schon was her.<\/p>\r\n<p>Ich entwerfe ein kleines Portemonnaie, richte mich nach den Vorgaben Checkkartengr\u00f6\u00dfe und stelle fest, dass es sehr viel besser ist, auch noch LKWPlane mit ins Boot zu holen. Also Anfragen starten, Reste suchen, notfalls virtuell einkaufen. Von vielen ausrangierten Schl\u00fcsselanh\u00e4ngern kann man die Ringe aufbewahren &#8211; von den Lanyarts die Karabiner.\u00a0 Tetraeder sind f\u00fcr mich schnell gemacht und diese werden den Workshop bestreiten. Mit viel Gl\u00fcck kann ich dann auch einige der kleinen Portemonnaies verkaufen. F\u00fcr die Selbermacher gibt es eine Anleitung f\u00fcr die Tetraeder, die man auch mit rausgetrennten Rei\u00dfern aus ausrangierten Hosen oder R\u00f6cken gut nacharbeiten kann.<\/p>\r\n<div id=\"attachment_1117\" style=\"width: 594px\" class=\"wp-caption alignleft\"><img loading=\"lazy\" decoding=\"async\" aria-describedby=\"caption-attachment-1117\" class=\"wp-image-1117 size-large\" src=\"https:\/\/www.simply-needles.de\/wp-content\/uploads\/2021\/10\/Tetraeder-rot-blau-rosa-1-1024x819.jpg\" alt=\"upcycling Tetraeder aus Schlauchresten\" width=\"584\" height=\"467\" srcset=\"https:\/\/www.simply-needles.de\/wp-content\/uploads\/2021\/10\/Tetraeder-rot-blau-rosa-1-1024x819.jpg 1024w, https:\/\/www.simply-needles.de\/wp-content\/uploads\/2021\/10\/Tetraeder-rot-blau-rosa-1-300x240.jpg 300w, https:\/\/www.simply-needles.de\/wp-content\/uploads\/2021\/10\/Tetraeder-rot-blau-rosa-1-768x614.jpg 768w, https:\/\/www.simply-needles.de\/wp-content\/uploads\/2021\/10\/Tetraeder-rot-blau-rosa-1-1536x1229.jpg 1536w, https:\/\/www.simply-needles.de\/wp-content\/uploads\/2021\/10\/Tetraeder-rot-blau-rosa-1-375x300.jpg 375w, https:\/\/www.simply-needles.de\/wp-content\/uploads\/2021\/10\/Tetraeder-rot-blau-rosa-1.jpg 2000w\" sizes=\"auto, (max-width: 584px) 100vw, 584px\" \/><p id=\"caption-attachment-1117\" class=\"wp-caption-text\">Tetraeder in Rot, Blau, Rosa<\/p><\/div>\r\n<p>Der Unkostenbeitrag von 150\u20ac ist trotzdem in Vorleistung schnell ausgegeben. Die Wartung der einen Pfaff kostet 60\u20ac, die Nadeln, die immer wieder gerne abbrechen 10\u20ac aber f\u00fcr 10\u20ac habe ich von einem Handler jede Menge Reste, Verschnitte von LKW Planen bekommen &#8211; in unterschiedlicher St\u00e4rke. &#8211; Kosten, die ich immer nicht auf dem Schirm habe, wenn bei Workshops 40-70\u20ac aufgerufen werden. Und dieser soll f\u00fcr die Teilnehmer ja kostenfrei sein. Er wird von einer Wohnungsbaugesellschaft gesponsort.<\/p>\r\n\r\n\r\n\r\n\r\n\r\n<p>Die \u00d6rtlichkeiten sind toll. Es finden viele Dinge gleichzeitig statt, die etwas mit fairem Handel, Nachhaltigkeit und Wiederverwendung zu tun haben. So wird z.B erkl\u00e4rt, wie sichein Smartphone zusammensetzt, dass man \u00e4ltere Modelle reparieren kann; es werden Buchh\u00fcllen aus T\u00fcten zusammengeb\u00fcgelt und Naturkosmetik gemixt &#8211; bei dem ganzen Verpackungsm\u00fcll sehr empfehlenswert! Jemand hat ein Ger\u00e4t gebaut, das Altplasik in Filament verwandelt oder dass mit einer anderen D\u00fcse warm gegossen werden kann. Es gibt ein Fairphone zu gewinnen&#8230;. .<\/p>\r\n\r\n\r\n\r\n<p>Ich selbst hab viel gelernt. Konnte \u00fcber den Tellerrand schauen, mich austauschen und wieder feststellen, dass \u00fcberall auch nur mit Wasser gekocht wird.<\/p>\r\n\r\n\r\n\r\n<p>Nachhaltig sollte man auch mit sich selbst umgehen. Wir leben in einer Zeit, wo Menschen verschlissen werden &#8211; und so, wie wir mit Rohstoffen umgehen, so gehen wir leider auch mit Menschen um. Sehr traurig &#8211; aber gut zu wissen, dass es immer mehr Menschen gibt, die lernen, auf sich und ihr Umfeld zu achten. Achtsamkeit sollte auch Workshop werden&#8230;..<\/p>\r\n\r\n\r\n\r\n<p>&nbsp;<\/p>\r\n","protected":false},"excerpt":{"rendered":"<p>&#8230; im letzten Jahr habe ich mal wieder einen Workshop gegeben: wichtig ist, dass der drau\u00dfen stattfindet &#8211; was nicht immer machbar ist, denn N\u00e4hmaschinen brauchen Strom. Ich vermisse die Prinzessinneng\u00e4rten, denn dort waren alle Gegebenheiten vorhanden. Und es hat &hellip; <a href=\"https:\/\/www.simply-needles.de\/?page_id=1075\">Weiterlesen <span class=\"meta-nav\">&rarr;<\/span><\/a><\/p>\n","protected":false},"author":2,"featured_media":0,"parent":0,"menu_order":0,"comment_status":"closed","ping_status":"closed","template":"","meta":{"_monsterinsights_skip_tracking":false,"_monsterinsights_sitenote_active":false,"_monsterinsights_sitenote_note":"","_monsterinsights_sitenote_category":0,"footnotes":""},"class_list":["post-1075","page","type-page","status-publish","hentry"],"jetpack_sharing_enabled":true,"_links":{"self":[{"href":"https:\/\/www.simply-needles.de\/index.php?rest_route=\/wp\/v2\/pages\/1075","targetHints":{"allow":["GET"]}}],"collection":[{"href":"https:\/\/www.simply-needles.de\/index.php?rest_route=\/wp\/v2\/pages"}],"about":[{"href":"https:\/\/www.simply-needles.de\/index.php?rest_route=\/wp\/v2\/types\/page"}],"author":[{"embeddable":true,"href":"https:\/\/www.simply-needles.de\/index.php?rest_route=\/wp\/v2\/users\/2"}],"replies":[{"embeddable":true,"href":"https:\/\/www.simply-needles.de\/index.php?rest_route=%2Fwp%2Fv2%2Fcomments&post=1075"}],"version-history":[{"count":0,"href":"https:\/\/www.simply-needles.de\/index.php?rest_route=\/wp\/v2\/pages\/1075\/revisions"}],"wp:attachment":[{"href":"https:\/\/www.simply-needles.de\/index.php?rest_route=%2Fwp%2Fv2%2Fmedia&parent=1075"}],"curies":[{"name":"wp","href":"https:\/\/api.w.org\/{rel}","templated":true}]}}