{"id":814,"date":"2017-01-28T19:20:14","date_gmt":"2017-01-28T19:20:14","guid":{"rendered":"https:\/\/www.simply-needles.de\/?page_id=814"},"modified":"2019-11-16T09:15:51","modified_gmt":"2019-11-16T09:15:51","slug":"simply-yours","status":"publish","type":"page","link":"https:\/\/www.simply-needles.de\/","title":{"rendered":"Simply Yours"},"content":{"rendered":"<h1>Simply Yours &#8211; Handysleeves, ganz nach Deinem Geschmack<\/h1>\n<p><iframe loading=\"lazy\" title=\"Ring Ding - Simply Needles Handy-Taschen-Trailer - mit diesem Sleeve liegts du niemals schief\" width=\"584\" height=\"329\" src=\"https:\/\/www.youtube.com\/embed\/-AjinkMO2ZU?feature=oembed\" frameborder=\"0\" allow=\"accelerometer; autoplay; clipboard-write; encrypted-media; gyroscope; picture-in-picture; web-share\" referrerpolicy=\"strict-origin-when-cross-origin\" allowfullscreen><\/iframe><\/p>\n\n<div class=\"wpcf7 no-js\" id=\"wpcf7-f813-o1\" lang=\"de-DE\" dir=\"ltr\" data-wpcf7-id=\"813\">\n<div class=\"screen-reader-response\"><p role=\"status\" aria-live=\"polite\" aria-atomic=\"true\"><\/p> <ul><\/ul><\/div>\n<form action=\"\/index.php?rest_route=%2Fwp%2Fv2%2Fpages%2F814#wpcf7-f813-o1\" method=\"post\" class=\"wpcf7-form init\" aria-label=\"Kontaktformular\" novalidate=\"novalidate\" data-status=\"init\">\n<fieldset class=\"hidden-fields-container\"><input type=\"hidden\" name=\"_wpcf7\" value=\"813\" \/><input type=\"hidden\" name=\"_wpcf7_version\" value=\"6.1.5\" \/><input type=\"hidden\" name=\"_wpcf7_locale\" value=\"de_DE\" \/><input type=\"hidden\" name=\"_wpcf7_unit_tag\" value=\"wpcf7-f813-o1\" \/><input type=\"hidden\" name=\"_wpcf7_container_post\" value=\"0\" \/><input type=\"hidden\" name=\"_wpcf7_posted_data_hash\" value=\"\" \/>\n<\/fieldset>\n<p>Eher in orange, oder doch im Style des Lieblingsschokoriegels. Oder soll es doch der Look des allerallerbesten Kaffeegeschmackes sein? Gerne kannst Du Dir einen Handysleeve mit tollen Motiven von mir ma\u00dffertigen lassen. W\u00e4hle aus den Musterpackungen unter den Men\u00fcpunkt \"simply Muster\" dieser Seite einfach aus.\n<\/p>\n<p>Alternativ zum folgenden Online-Formular, dass Du ausf\u00fcllen kannst, hast Du hier die M\u00f6glichkeit mir eine Anfrage mit einem ausgedruckten und ausgef\u00fclltem PDF per Post zu senden.\n<\/p>\n<p><a href=\"https:\/\/www.simply-needles.de\/wp-content\/uploads\/2017\/01\/Anfrage_formular_Simply_needles.pdf\" target=\"_blank\">Anfrage zum ausdrucken und f\u00fcr Postversand<\/a>\n<\/p>\n<p>So geht es:\n<\/p>\n<p>Musterbeschreibung (z.b. Capri Multi Vitamin) <span class=\"wpcf7-form-control-wrap\" data-name=\"text-991\"><input size=\"20\" maxlength=\"400\" class=\"wpcf7-form-control wpcf7-text\" aria-invalid=\"false\" value=\"\" type=\"text\" name=\"text-991\" \/><\/span>\n<\/p>\n<p>Alle auf <a href=\"https:\/\/www.simply-needles.de\/simply-muster\/\" target=\"_blank\">SIMPLY MUSTER<\/a> aufgef\u00fchrten Verpackungen sind vorhanden. Grunds\u00e4tzlich kann ich nur Verpackungen aus Folie verarbeiten. Wenn Du entsprechendes Material mit Deinem Lieblinsgmotiv hast, kannst Du mir das auch gerne via Brief zusenden.\n<\/p>\n<p>Die Folien sollten gr\u00f6\u00dfer als das Handy selbst sein. Oder es m\u00fcssen eben zwei Verpackungen aneinander gef\u00fcgt werden. F\u00fcr den Versand eigener Verpackungen solltest Du dieses Betellformular ausdrucken, ausf\u00fcllen und mit dem Material an meine hier aufgef\u00fchrte Adresse senden.\n<\/p>\n<p>Dein Handymodell (z.Bsp. Samsung Galaxy S26): <span class=\"wpcf7-form-control-wrap\" data-name=\"text-953\"><input size=\"20\" maxlength=\"400\" class=\"wpcf7-form-control wpcf7-text\" aria-invalid=\"false\" value=\"\" type=\"text\" name=\"text-953\" \/><\/span>\n<\/p>\n<p>Handyzubeh\u00f6r (Schutzumrandungen etc.): <span class=\"wpcf7-form-control-wrap\" data-name=\"radio-149\"><span class=\"wpcf7-form-control wpcf7-radio\"><span class=\"wpcf7-list-item first\"><label><span class=\"wpcf7-list-item-label\">Bumper<\/span><input type=\"radio\" name=\"radio-149\" value=\"Bumper\" checked=\"checked\" \/><\/label><\/span><span class=\"wpcf7-list-item\"><label><span class=\"wpcf7-list-item-label\">Cover<\/span><input type=\"radio\" name=\"radio-149\" value=\"Cover\" \/><\/label><\/span><span class=\"wpcf7-list-item\"><label><span class=\"wpcf7-list-item-label\">Fingerschlaufe<\/span><input type=\"radio\" name=\"radio-149\" value=\"Fingerschlaufe\" \/><\/label><\/span><span class=\"wpcf7-list-item last\"><label><span class=\"wpcf7-list-item-label\">ohne Zubeh\u00f6r<\/span><input type=\"radio\" name=\"radio-149\" value=\"ohne Zubeh\u00f6r\" \/><\/label><\/span><\/span><\/span>\n<\/p>\n<p>Hier kanst Du die Ma\u00dfe Deines Handys eintragen (in Milimeter)<br \/>\nBreite: <span class=\"wpcf7-form-control-wrap\" data-name=\"number-319\"><input class=\"wpcf7-form-control wpcf7-number wpcf7-validates-as-required wpcf7-validates-as-number\" aria-required=\"true\" aria-invalid=\"false\" value=\"\" type=\"number\" name=\"number-319\" \/><\/span> H\u00f6he: <span class=\"wpcf7-form-control-wrap\" data-name=\"number-320\"><input class=\"wpcf7-form-control wpcf7-number wpcf7-validates-as-required wpcf7-validates-as-number\" aria-required=\"true\" aria-invalid=\"false\" value=\"\" type=\"number\" name=\"number-320\" \/><\/span> Tiefe: <span class=\"wpcf7-form-control-wrap\" data-name=\"number-321\"><input class=\"wpcf7-form-control wpcf7-number wpcf7-validates-as-required wpcf7-validates-as-number\" aria-required=\"true\" aria-invalid=\"false\" value=\"\" type=\"number\" name=\"number-321\" \/><\/span>\n<\/p>\n<p>Erst nach Erhalt dieser Mail oder Deinem Brief mit dem Material und diesem Bestellformular kann ich Dir ein Angebot mit einer Ordernummer schreiben und Dir via mail zukommen lassen - Dort findest du dann auch die Kontodaten und eine Ordernummer, so das Du Deine Anfertigung bezahlen kannst. Wichtig ist in jedem Fall die Angabe Deiner Mailadresse.\n<\/p>\n<p>Gerne kannst du Deine Anfertigung auch via Paypal bezahlen. Jede Bestellung wird erst nach Gutschrift der Gesamtsumme rechtskr\u00e4ftig. Wenn Du nach 2 Tagen noch keine Order erhalten hast, solltest Du noch einmal in den Spamordner schauen.\n<\/p>\n<p>Ich freue mich \u00fcber Anregung und Ideen \u2013 interessante und witzige Verpackungen und netten nachhaltigen Austasch \u2013 Britta Roock \/ simply-needles\n<\/p>\n<p><label> Dein Vorname und Name (Pflichtfeld)<br \/>\n<span class=\"wpcf7-form-control-wrap\" data-name=\"text-611\"><input size=\"40\" maxlength=\"400\" class=\"wpcf7-form-control wpcf7-text\" aria-invalid=\"false\" value=\"\" type=\"text\" name=\"text-611\" \/><\/span><\/label><br \/>\n<label> Strasse (Pflichtfeld)<br \/>\n<span class=\"wpcf7-form-control-wrap\" data-name=\"text-427\"><input size=\"40\" maxlength=\"400\" class=\"wpcf7-form-control wpcf7-text wpcf7-validates-as-required\" aria-required=\"true\" aria-invalid=\"false\" value=\"\" type=\"text\" name=\"text-427\" \/><\/span><\/label><br \/>\n<label> Postleitzahl (Pflichtfeld)<br \/>\n<span class=\"wpcf7-form-control-wrap\" data-name=\"number-132\"><input class=\"wpcf7-form-control wpcf7-number wpcf7-validates-as-required wpcf7-validates-as-number\" aria-required=\"true\" aria-invalid=\"false\" value=\"\" type=\"number\" name=\"number-132\" \/><\/span><\/label><br \/>\n<label> Stadt (Pflichtfeld)<br \/>\n<span class=\"wpcf7-form-control-wrap\" data-name=\"text-424\"><input size=\"40\" maxlength=\"400\" class=\"wpcf7-form-control wpcf7-text wpcf7-validates-as-required\" aria-required=\"true\" aria-invalid=\"false\" value=\"\" type=\"text\" name=\"text-424\" \/><\/span><\/label><br \/>\n<label> Land (Pflichtfeld)<br \/>\n<span class=\"wpcf7-form-control-wrap\" data-name=\"text-425\"><input size=\"40\" maxlength=\"400\" class=\"wpcf7-form-control wpcf7-text wpcf7-validates-as-required\" aria-required=\"true\" aria-invalid=\"false\" value=\"\" type=\"text\" name=\"text-425\" \/><\/span> <\/label><br \/>\n<label> Deine E-Mail-Adresse (Pflichtfeld)<br \/>\n<span class=\"wpcf7-form-control-wrap\" data-name=\"email-550\"><input size=\"40\" maxlength=\"400\" class=\"wpcf7-form-control wpcf7-email wpcf7-validates-as-required wpcf7-text wpcf7-validates-as-email\" aria-required=\"true\" aria-invalid=\"false\" value=\"\" type=\"email\" name=\"email-550\" \/><\/span> <\/label><br \/>\n<label> Deine Telefonnummer<br \/>\n<span class=\"wpcf7-form-control-wrap\" data-name=\"tel-442\"><input size=\"40\" maxlength=\"400\" class=\"wpcf7-form-control wpcf7-tel wpcf7-text wpcf7-validates-as-tel\" aria-invalid=\"false\" value=\"\" type=\"tel\" name=\"tel-442\" \/><\/span> <\/label>\n<\/p>\n<p>Wenn an eine abweichende Lieferadresse geliefert werden soll, tr\u00e4gst Du sie bitte hier ein. Hier kannst du mir auch Anmerkungen zu Deiner Anfrage senden:<br \/>\n<span class=\"wpcf7-form-control-wrap\" data-name=\"your-message\"><textarea cols=\"40\" rows=\"10\" maxlength=\"2000\" class=\"wpcf7-form-control wpcf7-textarea\" aria-invalid=\"false\" name=\"your-message\"><\/textarea><\/span>\n<\/p>\n<div class=\"g-recaptcha\" data-sitekey=\"6LdJhxMUAAAAALBadkNmtEhciU0Y8Y2B4_hiByrs\">\n<\/div>\n<p><input class=\"wpcf7-form-control wpcf7-submit has-spinner\" type=\"submit\" value=\"Senden\" \/>\n<\/p><div class=\"wpcf7-response-output\" aria-hidden=\"true\"><\/div>\n<\/form>\n<\/div>\n\n","protected":false},"excerpt":{"rendered":"<p>Simply Yours &#8211; Handysleeves, ganz nach Deinem Geschmack<\/p>\n","protected":false},"author":2,"featured_media":0,"parent":0,"menu_order":0,"comment_status":"closed","ping_status":"closed","template":"showcase.php","meta":{"_monsterinsights_skip_tracking":false,"_monsterinsights_sitenote_active":false,"_monsterinsights_sitenote_note":"","_monsterinsights_sitenote_category":0,"footnotes":""},"class_list":["post-814","page","type-page","status-publish","hentry"],"jetpack_sharing_enabled":true,"_links":{"self":[{"href":"https:\/\/www.simply-needles.de\/index.php?rest_route=\/wp\/v2\/pages\/814","targetHints":{"allow":["GET"]}}],"collection":[{"href":"https:\/\/www.simply-needles.de\/index.php?rest_route=\/wp\/v2\/pages"}],"about":[{"href":"https:\/\/www.simply-needles.de\/index.php?rest_route=\/wp\/v2\/types\/page"}],"author":[{"embeddable":true,"href":"https:\/\/www.simply-needles.de\/index.php?rest_route=\/wp\/v2\/users\/2"}],"replies":[{"embeddable":true,"href":"https:\/\/www.simply-needles.de\/index.php?rest_route=%2Fwp%2Fv2%2Fcomments&post=814"}],"version-history":[{"count":0,"href":"https:\/\/www.simply-needles.de\/index.php?rest_route=\/wp\/v2\/pages\/814\/revisions"}],"wp:attachment":[{"href":"https:\/\/www.simply-needles.de\/index.php?rest_route=%2Fwp%2Fv2%2Fmedia&parent=814"}],"curies":[{"name":"wp","href":"https:\/\/api.w.org\/{rel}","templated":true}]}}